{"id":689,"date":"2025-04-07T08:24:50","date_gmt":"2025-04-07T08:24:50","guid":{"rendered":"https:\/\/www.biancacoutureburkina.org\/about\/"},"modified":"2025-05-12T14:34:11","modified_gmt":"2025-05-12T14:34:11","slug":"a-propos","status":"publish","type":"page","link":"https:\/\/www.biancacoutureburkina.org\/en\/a-propos\/","title":{"rendered":"About us"},"content":{"rendered":"<div data-elementor-type=\"wp-page\" data-elementor-id=\"689\" class=\"elementor elementor-689\">\n\t\t\t\t<div class=\"elementor-element elementor-element-30a2f9f e-flex e-con-boxed e-con e-parent\" data-id=\"30a2f9f\" data-element_type=\"container\" data-settings=\"{&quot;background_background&quot;:&quot;classic&quot;,&quot;shape_divider_bottom&quot;:&quot;curve&quot;,&quot;shape_divider_bottom_negative&quot;:&quot;yes&quot;}\">\n\t\t\t\t\t<div class=\"e-con-inner\">\n\t\t\t\t<div class=\"elementor-shape elementor-shape-bottom\" aria-hidden=\"true\" data-negative=\"true\">\n\t\t\t<svg xmlns=\"http:\/\/www.w3.org\/2000\/svg\" viewbox=\"0 0 1000 100\" preserveaspectratio=\"none\">\n\t<path class=\"elementor-shape-fill\" d=\"M500,97C126.7,96.3,0.8,19.8,0,0v100l1000,0V1C1000,19.4,873.3,97.8,500,97z\"\/>\n<\/svg>\t\t<\/div>\n\t\t<div class=\"elementor-element elementor-element-fce674b e-con-full e-flex e-con e-child\" data-id=\"fce674b\" data-element_type=\"container\">\n\t\t\t\t<div class=\"elementor-element elementor-element-80a42a8 elementor-widget elementor-widget-heading\" data-id=\"80a42a8\" data-element_type=\"widget\" data-widget_type=\"heading.default\">\n\t\t\t\t<div class=\"elementor-widget-container\">\n\t\t\t\t\t<h2 class=\"elementor-heading-title elementor-size-default\">ABOUT US<\/h2>\t\t\t\t<\/div>\n\t\t\t\t<\/div>\n\t\t\t\t<\/div>\n\t\t\t\t\t<\/div>\n\t\t\t\t<\/div>\n\t\t<div class=\"elementor-element elementor-element-03447df e-flex e-con-boxed e-con e-parent\" data-id=\"03447df\" data-element_type=\"container\">\n\t\t\t\t\t<div class=\"e-con-inner\">\n\t\t<div class=\"elementor-element elementor-element-683f198 e-con-full e-flex e-con e-child\" data-id=\"683f198\" data-element_type=\"container\">\n\t\t\t\t<div class=\"elementor-element elementor-element-8dbef3c elementor-widget elementor-widget-heading\" data-id=\"8dbef3c\" data-element_type=\"widget\" data-widget_type=\"heading.default\">\n\t\t\t\t<div class=\"elementor-widget-container\">\n\t\t\t\t\t<h2 class=\"elementor-heading-title elementor-size-default\">The history of the Bianca Couture Centre<\/h2>\t\t\t\t<\/div>\n\t\t\t\t<\/div>\n\t\t\t\t<div class=\"elementor-element elementor-element-51d1cb6 elementor-widget elementor-widget-text-editor\" data-id=\"51d1cb6\" data-element_type=\"widget\" data-widget_type=\"text-editor.default\">\n\t\t\t\t<div class=\"elementor-widget-container\">\n\t\t\t\t\t\t\t\t\t<p>Mrs OUEDRAOGO Denise, a widow and mother, founded the Bianca Couture Centre in Ouagadougou in 2002 with the financial support of her Dutch friend, Father Jan Beekman. Faced with personal difficulties, she drew on her experience to support other vulnerable girls and women. Her aim is to empower them through vocational training and help them become economically independent.<\/p>\t\t\t\t\t\t\t\t<\/div>\n\t\t\t\t<\/div>\n\t\t\t\t<\/div>\n\t\t<div class=\"elementor-element elementor-element-9c29f62 e-con-full e-flex e-con e-child\" data-id=\"9c29f62\" data-element_type=\"container\">\n\t\t\t\t<div class=\"elementor-element elementor-element-7a1c910 elementor-widget elementor-widget-image\" data-id=\"7a1c910\" data-element_type=\"widget\" data-widget_type=\"image.default\">\n\t\t\t\t<div class=\"elementor-widget-container\">\n\t\t\t\t\t\t\t\t\t\t\t\t\t\t\t<img fetchpriority=\"high\" decoding=\"async\" width=\"330\" height=\"325\" src=\"https:\/\/www.biancacoutureburkina.org\/wp-content\/uploads\/2025\/05\/Picture1.png\" class=\"attachment-full size-full wp-image-3443\" alt=\"\" srcset=\"https:\/\/www.biancacoutureburkina.org\/wp-content\/uploads\/2025\/05\/Picture1.png 330w, https:\/\/www.biancacoutureburkina.org\/wp-content\/uploads\/2025\/05\/Picture1-300x295.png 300w, https:\/\/www.biancacoutureburkina.org\/wp-content\/uploads\/2025\/05\/Picture1-12x12.png 12w, https:\/\/www.biancacoutureburkina.org\/wp-content\/uploads\/2025\/05\/Picture1-200x197.png 200w\" sizes=\"(max-width: 330px) 100vw, 330px\" \/>\t\t\t\t\t\t\t\t\t\t\t\t\t\t\t<\/div>\n\t\t\t\t<\/div>\n\t\t\t\t<\/div>\n\t\t\t\t\t<\/div>\n\t\t\t\t<\/div>\n\t\t<div class=\"elementor-element elementor-element-840b6af e-flex e-con-boxed e-con e-parent\" data-id=\"840b6af\" data-element_type=\"container\">\n\t\t\t\t\t<div class=\"e-con-inner\">\n\t\t<div class=\"elementor-element elementor-element-3bd652a e-con-full e-flex e-con e-child\" data-id=\"3bd652a\" data-element_type=\"container\">\n\t\t\t\t<div class=\"elementor-element elementor-element-871fd27 elementor-widget elementor-widget-heading\" data-id=\"871fd27\" data-element_type=\"widget\" data-widget_type=\"heading.default\">\n\t\t\t\t<div class=\"elementor-widget-container\">\n\t\t\t\t\t<h2 class=\"elementor-heading-title elementor-size-default\">What is it all about?<\/h2>\t\t\t\t<\/div>\n\t\t\t\t<\/div>\n\t\t\t\t<div class=\"elementor-element elementor-element-8f37ac6 elementor-widget__width-initial elementor-widget elementor-widget-text-editor\" data-id=\"8f37ac6\" data-element_type=\"widget\" data-widget_type=\"text-editor.default\">\n\t\t\t\t<div class=\"elementor-widget-container\">\n\t\t\t\t\t\t\t\t\t<p>The Bianca Couture Centre is a vocational training centre specialising in sewing, weaving, dyeing and soap-making. It offers a structured three-year programme for vulnerable young women, including orphans, widows, single mothers, displaced persons and women living with HIV. This school year, 164 students are being trained.<\/p><p>Every year, 50 new students enrol. At the end of the course, each participant receives a state-recognised diploma, a starter kit of equipment (machines, scissors, ironing board, etc.) and a micro-grant of 100,000 CFA to start a small sewing business.<\/p><p>Located in the Rim Ki\u00e9ta district in the north of Ouagadougou, Burkina Faso, the centre operates in an area that is home to many internally displaced persons (IDPs). Young women fleeing terrorist violence arrive destitute. In coordination with the Ministry of Humanitarian Affairs, the centre has currently integrated 37 young displaced women into a training programme offering them a path towards a degree of stability. They are also offered professional psychological support.<\/p>\t\t\t\t\t\t\t\t<\/div>\n\t\t\t\t<\/div>\n\t\t\t\t<\/div>\n\t\t<div class=\"elementor-element elementor-element-71afc0f e-con-full e-flex e-con e-child\" data-id=\"71afc0f\" data-element_type=\"container\">\n\t\t\t\t<div class=\"elementor-element elementor-element-91e112d elementor-widget elementor-widget-image\" data-id=\"91e112d\" data-element_type=\"widget\" data-widget_type=\"image.default\">\n\t\t\t\t<div class=\"elementor-widget-container\">\n\t\t\t\t\t\t\t\t\t\t\t\t\t\t\t<img decoding=\"async\" width=\"426\" height=\"279\" src=\"https:\/\/www.biancacoutureburkina.org\/wp-content\/uploads\/2025\/05\/Picture2.png\" class=\"attachment-full size-full wp-image-3444\" alt=\"\" srcset=\"https:\/\/www.biancacoutureburkina.org\/wp-content\/uploads\/2025\/05\/Picture2.png 426w, https:\/\/www.biancacoutureburkina.org\/wp-content\/uploads\/2025\/05\/Picture2-300x196.png 300w, https:\/\/www.biancacoutureburkina.org\/wp-content\/uploads\/2025\/05\/Picture2-18x12.png 18w, https:\/\/www.biancacoutureburkina.org\/wp-content\/uploads\/2025\/05\/Picture2-200x131.png 200w\" sizes=\"(max-width: 426px) 100vw, 426px\" \/>\t\t\t\t\t\t\t\t\t\t\t\t\t\t\t<\/div>\n\t\t\t\t<\/div>\n\t\t\t\t<div class=\"elementor-element elementor-element-83965ed elementor-widget elementor-widget-text-editor\" data-id=\"83965ed\" data-element_type=\"widget\" data-widget_type=\"text-editor.default\">\n\t\t\t\t<div class=\"elementor-widget-container\">\n\t\t\t\t\t\t\t\t\t<p>Located in the Rim Ki\u00e9ta district in the north of Ouagadougou, Burkina Faso, the centre operates in an area that is home to many internally displaced persons (IDPs). Young women fleeing terrorist violence arrive destitute. In coordination with the Ministry of Humanitarian Affairs, the centre has currently integrated 37 young displaced women into a training programme offering them a path towards a degree of stability. They are also offered professional psychological support.<\/p>\t\t\t\t\t\t\t\t<\/div>\n\t\t\t\t<\/div>\n\t\t\t\t<\/div>\n\t\t\t\t\t<\/div>\n\t\t\t\t<\/div>\n\t\t<div class=\"elementor-element elementor-element-9268ddc e-flex e-con-boxed e-con e-parent\" data-id=\"9268ddc\" data-element_type=\"container\" data-settings=\"{&quot;background_background&quot;:&quot;classic&quot;}\">\n\t\t\t\t\t<div class=\"e-con-inner\">\n\t\t<div class=\"elementor-element elementor-element-2669cad e-con-full e-flex e-con e-child\" data-id=\"2669cad\" data-element_type=\"container\" data-settings=\"{&quot;background_background&quot;:&quot;classic&quot;}\">\n\t\t\t\t<div class=\"elementor-element elementor-element-9624344 elementor-widget elementor-widget-heading\" data-id=\"9624344\" data-element_type=\"widget\" data-widget_type=\"heading.default\">\n\t\t\t\t<div class=\"elementor-widget-container\">\n\t\t\t\t\t<h2 class=\"elementor-heading-title elementor-size-default\">92%<\/h2>\t\t\t\t<\/div>\n\t\t\t\t<\/div>\n\t\t\t\t<div class=\"elementor-element elementor-element-df4e16d elementor-widget elementor-widget-heading\" data-id=\"df4e16d\" data-element_type=\"widget\" data-widget_type=\"heading.default\">\n\t\t\t\t<div class=\"elementor-widget-container\">\n\t\t\t\t\t<h4 class=\"elementor-heading-title elementor-size-default\">First year<\/h4>\t\t\t\t<\/div>\n\t\t\t\t<\/div>\n\t\t\t\t<\/div>\n\t\t<div class=\"elementor-element elementor-element-ded1936 e-con-full e-flex e-con e-child\" data-id=\"ded1936\" data-element_type=\"container\" data-settings=\"{&quot;background_background&quot;:&quot;classic&quot;}\">\n\t\t\t\t<div class=\"elementor-element elementor-element-11fc26f elementor-widget elementor-widget-heading\" data-id=\"11fc26f\" data-element_type=\"widget\" data-widget_type=\"heading.default\">\n\t\t\t\t<div class=\"elementor-widget-container\">\n\t\t\t\t\t<h2 class=\"elementor-heading-title elementor-size-default\">100%<\/h2>\t\t\t\t<\/div>\n\t\t\t\t<\/div>\n\t\t\t\t<div class=\"elementor-element elementor-element-208f65d elementor-widget elementor-widget-heading\" data-id=\"208f65d\" data-element_type=\"widget\" data-widget_type=\"heading.default\">\n\t\t\t\t<div class=\"elementor-widget-container\">\n\t\t\t\t\t<h4 class=\"elementor-heading-title elementor-size-default\">Second year<\/h4>\t\t\t\t<\/div>\n\t\t\t\t<\/div>\n\t\t\t\t<\/div>\n\t\t<div class=\"elementor-element elementor-element-b78e60a e-con-full e-flex e-con e-child\" data-id=\"b78e60a\" data-element_type=\"container\" data-settings=\"{&quot;background_background&quot;:&quot;classic&quot;}\">\n\t\t\t\t<div class=\"elementor-element elementor-element-a916e3b elementor-widget elementor-widget-heading\" data-id=\"a916e3b\" data-element_type=\"widget\" data-widget_type=\"heading.default\">\n\t\t\t\t<div class=\"elementor-widget-container\">\n\t\t\t\t\t<h2 class=\"elementor-heading-title elementor-size-default\">92%<\/h2>\t\t\t\t<\/div>\n\t\t\t\t<\/div>\n\t\t\t\t<div class=\"elementor-element elementor-element-40b840b elementor-widget elementor-widget-heading\" data-id=\"40b840b\" data-element_type=\"widget\" data-widget_type=\"heading.default\">\n\t\t\t\t<div class=\"elementor-widget-container\">\n\t\t\t\t\t<h4 class=\"elementor-heading-title elementor-size-default\">Third year<\/h4>\t\t\t\t<\/div>\n\t\t\t\t<\/div>\n\t\t\t\t<\/div>\n\t\t\t\t\t<\/div>\n\t\t\t\t<\/div>\n\t\t<div class=\"elementor-element elementor-element-717a0ab e-flex e-con-boxed e-con e-parent\" data-id=\"717a0ab\" data-element_type=\"container\" data-settings=\"{&quot;background_background&quot;:&quot;classic&quot;}\">\n\t\t\t\t\t<div class=\"e-con-inner\">\n\t\t<div class=\"elementor-element elementor-element-0d0d378 e-con-full e-flex e-con e-child\" data-id=\"0d0d378\" data-element_type=\"container\">\n\t\t\t\t<div class=\"elementor-element elementor-element-a2e419b elementor-widget elementor-widget-heading\" data-id=\"a2e419b\" data-element_type=\"widget\" data-widget_type=\"heading.default\">\n\t\t\t\t<div class=\"elementor-widget-container\">\n\t\t\t\t\t<h2 class=\"elementor-heading-title elementor-size-default\">Why this initiative?<\/h2>\t\t\t\t<\/div>\n\t\t\t\t<\/div>\n\t\t<div class=\"elementor-element elementor-element-d80520e e-grid e-con-full e-con e-child\" data-id=\"d80520e\" data-element_type=\"container\">\n\t\t\t\t<div class=\"elementor-element elementor-element-24fd39a elementor-widget elementor-widget-image\" data-id=\"24fd39a\" data-element_type=\"widget\" data-widget_type=\"image.default\">\n\t\t\t\t<div class=\"elementor-widget-container\">\n\t\t\t\t\t\t\t\t\t\t\t\t\t\t\t<img decoding=\"async\" width=\"466\" height=\"311\" src=\"https:\/\/www.biancacoutureburkina.org\/wp-content\/uploads\/2025\/05\/Picture3.png\" class=\"attachment-large size-large wp-image-3445\" alt=\"\" srcset=\"https:\/\/www.biancacoutureburkina.org\/wp-content\/uploads\/2025\/05\/Picture3.png 466w, https:\/\/www.biancacoutureburkina.org\/wp-content\/uploads\/2025\/05\/Picture3-300x200.png 300w, https:\/\/www.biancacoutureburkina.org\/wp-content\/uploads\/2025\/05\/Picture3-18x12.png 18w, https:\/\/www.biancacoutureburkina.org\/wp-content\/uploads\/2025\/05\/Picture3-200x133.png 200w\" sizes=\"(max-width: 466px) 100vw, 466px\" \/>\t\t\t\t\t\t\t\t\t\t\t\t\t\t\t<\/div>\n\t\t\t\t<\/div>\n\t\t\t\t<div class=\"elementor-element elementor-element-284126a elementor-widget elementor-widget-text-editor\" data-id=\"284126a\" data-element_type=\"widget\" data-widget_type=\"text-editor.default\">\n\t\t\t\t<div class=\"elementor-widget-container\">\n\t\t\t\t\t\t\t\t\t<p>This initiative is a response to deep-rooted social and economic inequalities. Many girls drop out of school, have no access to employment, healthcare or protection against violence. Young mothers are often rejected by their families; widows remain in the country with little or no social support. The Bianca Couture Centre fills this gap by creating a safe space to learn, recharge and build a future.<\/p>\t\t\t\t\t\t\t\t<\/div>\n\t\t\t\t<\/div>\n\t\t\t\t<\/div>\n\t\t<div class=\"elementor-element elementor-element-e6f2cdd e-con-full e-flex e-con e-child\" data-id=\"e6f2cdd\" data-element_type=\"container\">\n\t\t\t\t<div class=\"elementor-element elementor-element-6f808f5 elementor-widget elementor-widget-text-editor\" data-id=\"6f808f5\" data-element_type=\"widget\" data-widget_type=\"text-editor.default\">\n\t\t\t\t<div class=\"elementor-widget-container\">\n\t\t\t\t\t\t\t\t\t<ul><li>Three-year vocational training course, recognised by the authorities, with official examinations at the end of the course.<\/li><li>Participants contribute as much as they can towards their training costs, and Bianca Couture does her utmost to raise funds nationally and internationally to cover the remaining costs and running of the centre.<\/li><li>A nursery is available for those with babies and young children who have no-one to look after them during their training.<\/li><li>Participative approach: quarterly feedback meetings, delegates elected by learners, joint planning of training needs and equipment purchases.<\/li><li>Professional and psychosocial support: food aid, referrals to health services and workshops on gender rights and autonomy.<\/li><li>Post-training support: each graduate receives a start-up kit and business coaching, with follow-up visits.<\/li><li>Financial accountability: The Association burkinab\u00e8 pour la collecte de fonds (ABF) oversees budgeting, audits and reporting to donors. Quarterly and annual reports ensure transparency and learning.<\/li><li>A new income-generating initiative is being developed: the Bianca Futur boutique, located not far from the training centre, offers ready-to-wear and made-to-measure clothing, sold by a small group of qualified tailors. Profits are donated to the training centre.<\/li><\/ul>\t\t\t\t\t\t\t\t<\/div>\n\t\t\t\t<\/div>\n\t\t\t\t<\/div>\n\t\t\t\t<\/div>\n\t\t\t\t\t<\/div>\n\t\t\t\t<\/div>\n\t\t<div class=\"elementor-element elementor-element-3a88f987 e-flex e-con-boxed e-con e-parent\" data-id=\"3a88f987\" data-element_type=\"container\" id=\"xs_faq_6\" data-settings=\"{&quot;background_background&quot;:&quot;classic&quot;}\">\n\t\t\t\t\t<div class=\"e-con-inner\">\n\t\t\t\t<div class=\"elementor-element elementor-element-15a218bc elementor-widget elementor-widget-elementskit-heading\" data-id=\"15a218bc\" data-element_type=\"widget\" data-widget_type=\"elementskit-heading.default\">\n\t\t\t\t<div class=\"elementor-widget-container\">\n\t\t\t\t\t<div class=\"ekit-wid-con\" ><div class=\"ekit-heading elementskit-section-title-wraper text_center   ekit_heading_tablet-   ekit_heading_mobile-\"><h2 class=\"ekit-heading--title elementskit-section-title\">RESULTS AND IMPACT<\/h2><\/div><\/div>\t\t\t\t<\/div>\n\t\t\t\t<\/div>\n\t\t<div class=\"elementor-element elementor-element-80ed17f e-con-full e-flex e-con e-child\" data-id=\"80ed17f\" data-element_type=\"container\">\n\t\t<div class=\"elementor-element elementor-element-b821eb8 e-grid e-con-full e-con e-child\" data-id=\"b821eb8\" data-element_type=\"container\" data-settings=\"{&quot;background_background&quot;:&quot;classic&quot;}\">\n\t\t\t\t<div class=\"elementor-element elementor-element-924dd24 elementor-widget elementor-widget-text-editor\" data-id=\"924dd24\" data-element_type=\"widget\" data-widget_type=\"text-editor.default\">\n\t\t\t\t<div class=\"elementor-widget-container\">\n\t\t\t\t\t\t\t\t\t<p>Since its creation, more than 550 women have graduated. Around 80 % of them have set up their own business or found a job in the textile sector. Many of them become trainers or mentors, reinforcing the centre's impact in the community.<\/p>\t\t\t\t\t\t\t\t<\/div>\n\t\t\t\t<\/div>\n\t\t\t\t<div class=\"elementor-element elementor-element-2d5fe6c elementor-widget elementor-widget-text-editor\" data-id=\"2d5fe6c\" data-element_type=\"widget\" data-widget_type=\"text-editor.default\">\n\t\t\t\t<div class=\"elementor-widget-container\">\n\t\t\t\t\t\t\t\t\t<p>Around 60 % graduates remain in contact with the centre and Denise, and many become members of the Wend Malgda alumni group. A study is underway to monitor and document the long-term outcomes of former trainees, including income stability, access to healthcare and family well-being.<\/p>\t\t\t\t\t\t\t\t<\/div>\n\t\t\t\t<\/div>\n\t\t\t\t<\/div>\n\t\t\t\t<\/div>\n\t\t\t\t\t<\/div>\n\t\t\t\t<\/div>\n\t\t<div class=\"elementor-element elementor-element-0dbf7e5 e-flex e-con-boxed e-con e-parent\" data-id=\"0dbf7e5\" data-element_type=\"container\">\n\t\t\t\t\t<div class=\"e-con-inner\">\n\t\t<div class=\"elementor-element elementor-element-ccdde62 e-con-full e-flex e-con e-child\" data-id=\"ccdde62\" data-element_type=\"container\">\n\t\t\t\t<div class=\"elementor-element elementor-element-33081de elementor-widget elementor-widget-heading\" data-id=\"33081de\" data-element_type=\"widget\" data-widget_type=\"heading.default\">\n\t\t\t\t<div class=\"elementor-widget-container\">\n\t\t\t\t\t<h2 class=\"elementor-heading-title elementor-size-default\">What makes us unique<\/h2>\t\t\t\t<\/div>\n\t\t\t\t<\/div>\n\t\t\t\t<div class=\"elementor-element elementor-element-ab240aa elementor-widget elementor-widget-text-editor\" data-id=\"ab240aa\" data-element_type=\"widget\" data-widget_type=\"text-editor.default\">\n\t\t\t\t<div class=\"elementor-widget-container\">\n\t\t\t\t\t\t\t\t\t<p>The Bianca Couture Centre sets itself apart by combining technical training, life skills, education and healthcare, and business support within a single programme. It also responds directly to the humanitarian crisis in Burkina Faso by integrating displaced women into its training model.<\/p><p>Contribution to the SDGs<br \/>This initiative contributes directly to : <br \/>MDG 4 - Quality education MDG 5 - Gender equality - MDG 8 - Decent work and economic growth - MDG 10 - Reduced inequalities* - MDG 11 - Education for all<\/p>\t\t\t\t\t\t\t\t<\/div>\n\t\t\t\t<\/div>\n\t\t\t\t<\/div>\n\t\t<div class=\"elementor-element elementor-element-3df323d e-con-full e-flex e-con e-child\" data-id=\"3df323d\" data-element_type=\"container\">\n\t\t\t\t<div class=\"elementor-element elementor-element-4ee2c81 elementor-widget elementor-widget-image\" data-id=\"4ee2c81\" data-element_type=\"widget\" data-widget_type=\"image.default\">\n\t\t\t\t<div class=\"elementor-widget-container\">\n\t\t\t\t\t\t\t\t\t\t\t\t\t\t\t<img loading=\"lazy\" decoding=\"async\" width=\"501\" height=\"333\" src=\"https:\/\/www.biancacoutureburkina.org\/wp-content\/uploads\/2025\/05\/Picture4.png\" class=\"attachment-full size-full wp-image-3446\" alt=\"\" srcset=\"https:\/\/www.biancacoutureburkina.org\/wp-content\/uploads\/2025\/05\/Picture4.png 501w, https:\/\/www.biancacoutureburkina.org\/wp-content\/uploads\/2025\/05\/Picture4-300x199.png 300w, https:\/\/www.biancacoutureburkina.org\/wp-content\/uploads\/2025\/05\/Picture4-18x12.png 18w, https:\/\/www.biancacoutureburkina.org\/wp-content\/uploads\/2025\/05\/Picture4-200x133.png 200w\" sizes=\"(max-width: 501px) 100vw, 501px\" \/>\t\t\t\t\t\t\t\t\t\t\t\t\t\t\t<\/div>\n\t\t\t\t<\/div>\n\t\t\t\t<\/div>\n\t\t\t\t\t<\/div>\n\t\t\t\t<\/div>\n\t\t\t\t<\/div>","protected":false},"excerpt":{"rendered":"<p>A PROPOS L&rsquo;histoire du Centre Bianca Couture Madame OUEDRAOGO Denise, veuve et m\u00e8re de famille, a fond\u00e9 le Centre Bianca Couture en 2002 \u00e0 Ouagadougou avec le soutien financier de son ami n\u00e9erlandais, le P\u00e8re Jan Beekman. Confront\u00e9e \u00e0 des difficult\u00e9s personnelles, elle a su tirer parti de son exp\u00e9rience pour soutenir d&rsquo;autres filles et [&hellip;]<\/p>","protected":false},"author":1,"featured_media":0,"parent":0,"menu_order":0,"comment_status":"closed","ping_status":"closed","template":"","meta":{"site-sidebar-layout":"no-sidebar","site-content-layout":"","ast-site-content-layout":"full-width-container","site-content-style":"default","site-sidebar-style":"default","ast-global-header-display":"","ast-banner-title-visibility":"","ast-main-header-display":"","ast-hfb-above-header-display":"","ast-hfb-below-header-display":"","ast-hfb-mobile-header-display":"","site-post-title":"disabled","ast-breadcrumbs-content":"","ast-featured-img":"disabled","footer-sml-layout":"","theme-transparent-header-meta":"","adv-header-id-meta":"","stick-header-meta":"","header-above-stick-meta":"","header-main-stick-meta":"","header-below-stick-meta":"","astra-migrate-meta-layouts":"default","ast-page-background-enabled":"default","ast-page-background-meta":{"desktop":{"background-color":"var(--ast-global-color-4)","background-image":"","background-repeat":"repeat","background-position":"center center","background-size":"auto","background-attachment":"scroll","background-type":"","background-media":"","overlay-type":"","overlay-color":"","overlay-opacity":"","overlay-gradient":""},"tablet":{"background-color":"","background-image":"","background-repeat":"repeat","background-position":"center center","background-size":"auto","background-attachment":"scroll","background-type":"","background-media":"","overlay-type":"","overlay-color":"","overlay-opacity":"","overlay-gradient":""},"mobile":{"background-color":"","background-image":"","background-repeat":"repeat","background-position":"center center","background-size":"auto","background-attachment":"scroll","background-type":"","background-media":"","overlay-type":"","overlay-color":"","overlay-opacity":"","overlay-gradient":""}},"ast-content-background-meta":{"desktop":{"background-color":"var(--ast-global-color-5)","background-image":"","background-repeat":"repeat","background-position":"center center","background-size":"auto","background-attachment":"scroll","background-type":"","background-media":"","overlay-type":"","overlay-color":"","overlay-opacity":"","overlay-gradient":""},"tablet":{"background-color":"var(--ast-global-color-5)","background-image":"","background-repeat":"repeat","background-position":"center center","background-size":"auto","background-attachment":"scroll","background-type":"","background-media":"","overlay-type":"","overlay-color":"","overlay-opacity":"","overlay-gradient":""},"mobile":{"background-color":"var(--ast-global-color-5)","background-image":"","background-repeat":"repeat","background-position":"center center","background-size":"auto","background-attachment":"scroll","background-type":"","background-media":"","overlay-type":"","overlay-color":"","overlay-opacity":"","overlay-gradient":""}},"footnotes":""},"class_list":["post-689","page","type-page","status-publish","hentry"],"_links":{"self":[{"href":"https:\/\/www.biancacoutureburkina.org\/en\/wp-json\/wp\/v2\/pages\/689","targetHints":{"allow":["GET"]}}],"collection":[{"href":"https:\/\/www.biancacoutureburkina.org\/en\/wp-json\/wp\/v2\/pages"}],"about":[{"href":"https:\/\/www.biancacoutureburkina.org\/en\/wp-json\/wp\/v2\/types\/page"}],"author":[{"embeddable":true,"href":"https:\/\/www.biancacoutureburkina.org\/en\/wp-json\/wp\/v2\/users\/1"}],"replies":[{"embeddable":true,"href":"https:\/\/www.biancacoutureburkina.org\/en\/wp-json\/wp\/v2\/comments?post=689"}],"version-history":[{"count":25,"href":"https:\/\/www.biancacoutureburkina.org\/en\/wp-json\/wp\/v2\/pages\/689\/revisions"}],"predecessor-version":[{"id":3453,"href":"https:\/\/www.biancacoutureburkina.org\/en\/wp-json\/wp\/v2\/pages\/689\/revisions\/3453"}],"wp:attachment":[{"href":"https:\/\/www.biancacoutureburkina.org\/en\/wp-json\/wp\/v2\/media?parent=689"}],"curies":[{"name":"wp","href":"https:\/\/api.w.org\/{rel}","templated":true}]}}