{"id":45,"date":"2025-04-07T08:24:50","date_gmt":"2025-04-07T08:24:50","guid":{"rendered":"https:\/\/www.biancacoutureburkina.org\/services\/"},"modified":"2025-04-07T17:04:49","modified_gmt":"2025-04-07T17:04:49","slug":"services","status":"publish","type":"page","link":"https:\/\/www.biancacoutureburkina.org\/en\/services\/","title":{"rendered":"Services"},"content":{"rendered":"<div data-elementor-type=\"wp-page\" data-elementor-id=\"45\" class=\"elementor elementor-45\">\n\t\t\t\t<div class=\"elementor-element elementor-element-18388af e-flex e-con-boxed e-con e-parent\" data-id=\"18388af\" data-element_type=\"container\" data-settings=\"{&quot;background_background&quot;:&quot;classic&quot;,&quot;shape_divider_bottom&quot;:&quot;curve&quot;,&quot;shape_divider_bottom_negative&quot;:&quot;yes&quot;}\">\n\t\t\t\t\t<div class=\"e-con-inner\">\n\t\t\t\t<div class=\"elementor-shape elementor-shape-bottom\" aria-hidden=\"true\" data-negative=\"true\">\n\t\t\t<svg xmlns=\"http:\/\/www.w3.org\/2000\/svg\" viewbox=\"0 0 1000 100\" preserveaspectratio=\"none\">\n\t<path class=\"elementor-shape-fill\" d=\"M500,97C126.7,96.3,0.8,19.8,0,0v100l1000,0V1C1000,19.4,873.3,97.8,500,97z\"\/>\n<\/svg>\t\t<\/div>\n\t\t<div class=\"elementor-element elementor-element-a440a1d e-con-full e-flex e-con e-child\" data-id=\"a440a1d\" data-element_type=\"container\">\n\t\t\t\t<div class=\"elementor-element elementor-element-e08661a elementor-widget elementor-widget-heading\" data-id=\"e08661a\" data-element_type=\"widget\" data-widget_type=\"heading.default\">\n\t\t\t\t<div class=\"elementor-widget-container\">\n\t\t\t\t\t<h2 class=\"elementor-heading-title elementor-size-default\">SERVICES<\/h2>\t\t\t\t<\/div>\n\t\t\t\t<\/div>\n\t\t\t\t<\/div>\n\t\t\t\t\t<\/div>\n\t\t\t\t<\/div>\n\t\t<div class=\"elementor-element elementor-element-20153e3 e-flex e-con-boxed e-con e-parent\" data-id=\"20153e3\" data-element_type=\"container\">\n\t\t\t\t\t<div class=\"e-con-inner\">\n\t\t<div class=\"elementor-element elementor-element-8e07eb3 e-con-full e-flex e-con e-child\" data-id=\"8e07eb3\" data-element_type=\"container\">\n\t\t\t\t<div class=\"elementor-element elementor-element-bde1082 elementor-widget elementor-widget-heading\" data-id=\"bde1082\" data-element_type=\"widget\" data-widget_type=\"heading.default\">\n\t\t\t\t<div class=\"elementor-widget-container\">\n\t\t\t\t\t<h2 class=\"elementor-heading-title elementor-size-default\">Sewing cut<\/h2>\t\t\t\t<\/div>\n\t\t\t\t<\/div>\n\t\t\t\t<div class=\"elementor-element elementor-element-9fe67e2 elementor-widget-divider--view-line elementor-widget elementor-widget-divider\" data-id=\"9fe67e2\" data-element_type=\"widget\" data-widget_type=\"divider.default\">\n\t\t\t\t<div class=\"elementor-widget-container\">\n\t\t\t\t\t\t\t<div class=\"elementor-divider\">\n\t\t\t<span class=\"elementor-divider-separator\">\n\t\t\t\t\t\t<\/span>\n\t\t<\/div>\n\t\t\t\t\t\t<\/div>\n\t\t\t\t<\/div>\n\t\t\t\t<div class=\"elementor-element elementor-element-4eb32dc elementor-widget elementor-widget-heading\" data-id=\"4eb32dc\" data-element_type=\"widget\" data-widget_type=\"heading.default\">\n\t\t\t\t<div class=\"elementor-widget-container\">\n\t\t\t\t\t<h6 class=\"elementor-heading-title elementor-size-default\">Technical training\n<\/h6>\t\t\t\t<\/div>\n\t\t\t\t<\/div>\n\t\t\t\t<div class=\"elementor-element elementor-element-33273dc elementor-widget elementor-widget-text-editor\" data-id=\"33273dc\" data-element_type=\"widget\" data-widget_type=\"text-editor.default\">\n\t\t\t\t<div class=\"elementor-widget-container\">\n\t\t\t\t\t\t\t\t\t<p class=\"\" data-start=\"126\" data-end=\"241\">Master the basics of cutting and sewing to create quality garments.<\/p>\t\t\t\t\t\t\t\t<\/div>\n\t\t\t\t<\/div>\n\t\t\t\t<div class=\"elementor-element elementor-element-84fd31f elementor-widget elementor-widget-heading\" data-id=\"84fd31f\" data-element_type=\"widget\" data-widget_type=\"heading.default\">\n\t\t\t\t<div class=\"elementor-widget-container\">\n\t\t\t\t\t<h6 class=\"elementor-heading-title elementor-size-default\">Autonomy &amp; Creativity<\/h6>\t\t\t\t<\/div>\n\t\t\t\t<\/div>\n\t\t\t\t<div class=\"elementor-element elementor-element-c09f96e elementor-widget elementor-widget-text-editor\" data-id=\"c09f96e\" data-element_type=\"widget\" data-widget_type=\"text-editor.default\">\n\t\t\t\t<div class=\"elementor-widget-container\">\n\t\t\t\t\t\t\t\t\t<p class=\"\" data-start=\"243\" data-end=\"356\">Strengthening independence and stimulating creativity through practical training.<\/p>\t\t\t\t\t\t\t\t<\/div>\n\t\t\t\t<\/div>\n\t\t\t\t<div class=\"elementor-element elementor-element-154b6ea elementor-widget elementor-widget-heading\" data-id=\"154b6ea\" data-element_type=\"widget\" data-widget_type=\"heading.default\">\n\t\t\t\t<div class=\"elementor-widget-container\">\n\t\t\t\t\t<h6 class=\"elementor-heading-title elementor-size-default\">Professional integration<\/h6>\t\t\t\t<\/div>\n\t\t\t\t<\/div>\n\t\t\t\t<div class=\"elementor-element elementor-element-4388bd2 elementor-widget elementor-widget-text-editor\" data-id=\"4388bd2\" data-element_type=\"widget\" data-widget_type=\"text-editor.default\">\n\t\t\t\t<div class=\"elementor-widget-container\">\n\t\t\t\t\t\t\t\t\t<p class=\"\" data-start=\"358\" data-end=\"472\">Acquire the skills you need to start a business and improve your life.<\/p>\t\t\t\t\t\t\t\t<\/div>\n\t\t\t\t<\/div>\n\t\t\t\t<\/div>\n\t\t<div class=\"elementor-element elementor-element-a1aa49f e-con-full e-flex e-con e-child\" data-id=\"a1aa49f\" data-element_type=\"container\">\n\t\t\t\t<div class=\"elementor-element elementor-element-b736a41 elementor-widget elementor-widget-image\" data-id=\"b736a41\" data-element_type=\"widget\" data-widget_type=\"image.default\">\n\t\t\t\t<div class=\"elementor-widget-container\">\n\t\t\t\t\t\t\t\t\t\t\t\t\t\t\t<img fetchpriority=\"high\" decoding=\"async\" width=\"1024\" height=\"768\" src=\"https:\/\/www.biancacoutureburkina.org\/wp-content\/uploads\/2025\/04\/image-7.jpg\" class=\"attachment-full size-full wp-image-935\" alt=\"\" srcset=\"https:\/\/www.biancacoutureburkina.org\/wp-content\/uploads\/2025\/04\/image-7.jpg 1024w, https:\/\/www.biancacoutureburkina.org\/wp-content\/uploads\/2025\/04\/image-7-300x225.jpg 300w, https:\/\/www.biancacoutureburkina.org\/wp-content\/uploads\/2025\/04\/image-7-768x576.jpg 768w\" sizes=\"(max-width: 1024px) 100vw, 1024px\" \/>\t\t\t\t\t\t\t\t\t\t\t\t\t\t\t<\/div>\n\t\t\t\t<\/div>\n\t\t\t\t<\/div>\n\t\t\t\t\t<\/div>\n\t\t\t\t<\/div>\n\t\t<div class=\"elementor-element elementor-element-faccca0 e-flex e-con-boxed e-con e-parent\" data-id=\"faccca0\" data-element_type=\"container\">\n\t\t\t\t\t<div class=\"e-con-inner\">\n\t\t<div class=\"elementor-element elementor-element-47fc71e e-con-full e-flex e-con e-child\" data-id=\"47fc71e\" data-element_type=\"container\">\n\t\t\t\t<div class=\"elementor-element elementor-element-82c9827 elementor-widget elementor-widget-image\" data-id=\"82c9827\" data-element_type=\"widget\" data-widget_type=\"image.default\">\n\t\t\t\t<div class=\"elementor-widget-container\">\n\t\t\t\t\t\t\t\t\t\t\t\t\t\t\t<img decoding=\"async\" width=\"1024\" height=\"768\" src=\"https:\/\/www.biancacoutureburkina.org\/wp-content\/uploads\/2025\/04\/image-8.jpg\" class=\"attachment-full size-full wp-image-936\" alt=\"\" srcset=\"https:\/\/www.biancacoutureburkina.org\/wp-content\/uploads\/2025\/04\/image-8.jpg 1024w, https:\/\/www.biancacoutureburkina.org\/wp-content\/uploads\/2025\/04\/image-8-300x225.jpg 300w, https:\/\/www.biancacoutureburkina.org\/wp-content\/uploads\/2025\/04\/image-8-768x576.jpg 768w\" sizes=\"(max-width: 1024px) 100vw, 1024px\" \/>\t\t\t\t\t\t\t\t\t\t\t\t\t\t\t<\/div>\n\t\t\t\t<\/div>\n\t\t\t\t<\/div>\n\t\t<div class=\"elementor-element elementor-element-01dfd78 e-con-full e-flex e-con e-child\" data-id=\"01dfd78\" data-element_type=\"container\">\n\t\t\t\t<div class=\"elementor-element elementor-element-b6c2d06 elementor-widget elementor-widget-heading\" data-id=\"b6c2d06\" data-element_type=\"widget\" data-widget_type=\"heading.default\">\n\t\t\t\t<div class=\"elementor-widget-container\">\n\t\t\t\t\t<h2 class=\"elementor-heading-title elementor-size-default\">Weaving<\/h2>\t\t\t\t<\/div>\n\t\t\t\t<\/div>\n\t\t\t\t<div class=\"elementor-element elementor-element-cca2093 elementor-widget-divider--view-line elementor-widget elementor-widget-divider\" data-id=\"cca2093\" data-element_type=\"widget\" data-widget_type=\"divider.default\">\n\t\t\t\t<div class=\"elementor-widget-container\">\n\t\t\t\t\t\t\t<div class=\"elementor-divider\">\n\t\t\t<span class=\"elementor-divider-separator\">\n\t\t\t\t\t\t<\/span>\n\t\t<\/div>\n\t\t\t\t\t\t<\/div>\n\t\t\t\t<\/div>\n\t\t\t\t<div class=\"elementor-element elementor-element-ae130c7 elementor-widget elementor-widget-heading\" data-id=\"ae130c7\" data-element_type=\"widget\" data-widget_type=\"heading.default\">\n\t\t\t\t<div class=\"elementor-widget-container\">\n\t\t\t\t\t<h6 class=\"elementor-heading-title elementor-size-default\">Weaving techniques\n<\/h6>\t\t\t\t<\/div>\n\t\t\t\t<\/div>\n\t\t\t\t<div class=\"elementor-element elementor-element-f44a9ce elementor-widget elementor-widget-text-editor\" data-id=\"f44a9ce\" data-element_type=\"widget\" data-widget_type=\"text-editor.default\">\n\t\t\t\t<div class=\"elementor-widget-container\">\n\t\t\t\t\t\t\t\t\t<p class=\"\" data-start=\"119\" data-end=\"232\">Learn traditional and modern methods for creating unique fabrics.<\/p>\t\t\t\t\t\t\t\t<\/div>\n\t\t\t\t<\/div>\n\t\t\t\t<div class=\"elementor-element elementor-element-a760dbf elementor-widget elementor-widget-heading\" data-id=\"a760dbf\" data-element_type=\"widget\" data-widget_type=\"heading.default\">\n\t\t\t\t<div class=\"elementor-widget-container\">\n\t\t\t\t\t<h6 class=\"elementor-heading-title elementor-size-default\">Craftsmanship\n<\/h6>\t\t\t\t<\/div>\n\t\t\t\t<\/div>\n\t\t\t\t<div class=\"elementor-element elementor-element-d664010 elementor-widget elementor-widget-text-editor\" data-id=\"d664010\" data-element_type=\"widget\" data-widget_type=\"text-editor.default\">\n\t\t\t\t<div class=\"elementor-widget-container\">\n\t\t\t\t\t\t\t\t\t<p class=\"\" data-start=\"234\" data-end=\"348\">Developing high-quality textile products that combine tradition and creativity.<\/p>\t\t\t\t\t\t\t\t<\/div>\n\t\t\t\t<\/div>\n\t\t\t\t<div class=\"elementor-element elementor-element-485afa7 elementor-widget elementor-widget-heading\" data-id=\"485afa7\" data-element_type=\"widget\" data-widget_type=\"heading.default\">\n\t\t\t\t<div class=\"elementor-widget-container\">\n\t\t\t\t\t<h6 class=\"elementor-heading-title elementor-size-default\">Professional autonomy\n<\/h6>\t\t\t\t<\/div>\n\t\t\t\t<\/div>\n\t\t\t\t<div class=\"elementor-element elementor-element-625b41f elementor-widget elementor-widget-text-editor\" data-id=\"625b41f\" data-element_type=\"widget\" data-widget_type=\"text-editor.default\">\n\t\t\t\t<div class=\"elementor-widget-container\">\n\t\t\t\t\t\t\t\t\t<p class=\"\" data-start=\"350\" data-end=\"473\">Preparation for entering the job market or setting up a textile business.<\/p>\t\t\t\t\t\t\t\t<\/div>\n\t\t\t\t<\/div>\n\t\t\t\t<\/div>\n\t\t\t\t\t<\/div>\n\t\t\t\t<\/div>\n\t\t<div class=\"elementor-element elementor-element-c538fb6 e-flex e-con-boxed e-con e-parent\" data-id=\"c538fb6\" data-element_type=\"container\">\n\t\t\t\t\t<div class=\"e-con-inner\">\n\t\t<div class=\"elementor-element elementor-element-a85e85f e-con-full e-flex e-con e-child\" data-id=\"a85e85f\" data-element_type=\"container\">\n\t\t\t\t<div class=\"elementor-element elementor-element-7357c23 elementor-widget elementor-widget-heading\" data-id=\"7357c23\" data-element_type=\"widget\" data-widget_type=\"heading.default\">\n\t\t\t\t<div class=\"elementor-widget-container\">\n\t\t\t\t\t<h2 class=\"elementor-heading-title elementor-size-default\">Dye<\/h2>\t\t\t\t<\/div>\n\t\t\t\t<\/div>\n\t\t\t\t<div class=\"elementor-element elementor-element-67008e1 elementor-widget-divider--view-line elementor-widget elementor-widget-divider\" data-id=\"67008e1\" data-element_type=\"widget\" data-widget_type=\"divider.default\">\n\t\t\t\t<div class=\"elementor-widget-container\">\n\t\t\t\t\t\t\t<div class=\"elementor-divider\">\n\t\t\t<span class=\"elementor-divider-separator\">\n\t\t\t\t\t\t<\/span>\n\t\t<\/div>\n\t\t\t\t\t\t<\/div>\n\t\t\t\t<\/div>\n\t\t\t\t<div class=\"elementor-element elementor-element-dd467b4 elementor-widget elementor-widget-heading\" data-id=\"dd467b4\" data-element_type=\"widget\" data-widget_type=\"heading.default\">\n\t\t\t\t<div class=\"elementor-widget-container\">\n\t\t\t\t\t<h6 class=\"elementor-heading-title elementor-size-default\">Dyeing techniques\n<\/h6>\t\t\t\t<\/div>\n\t\t\t\t<\/div>\n\t\t\t\t<div class=\"elementor-element elementor-element-8ae4c66 elementor-widget elementor-widget-text-editor\" data-id=\"8ae4c66\" data-element_type=\"widget\" data-widget_type=\"text-editor.default\">\n\t\t\t\t<div class=\"elementor-widget-container\">\n\t\t\t\t\t\t\t\t\t<p class=\"\" data-start=\"110\" data-end=\"213\">Learn the basics of textile colouring for original creations.<\/p>\t\t\t\t\t\t\t\t<\/div>\n\t\t\t\t<\/div>\n\t\t\t\t<div class=\"elementor-element elementor-element-28ac9af elementor-widget elementor-widget-heading\" data-id=\"28ac9af\" data-element_type=\"widget\" data-widget_type=\"heading.default\">\n\t\t\t\t<div class=\"elementor-widget-container\">\n\t\t\t\t\t<h6 class=\"elementor-heading-title elementor-size-default\">Fashion &amp; Decoration\n<\/h6>\t\t\t\t<\/div>\n\t\t\t\t<\/div>\n\t\t\t\t<div class=\"elementor-element elementor-element-f97210b elementor-widget elementor-widget-text-editor\" data-id=\"f97210b\" data-element_type=\"widget\" data-widget_type=\"text-editor.default\">\n\t\t\t\t<div class=\"elementor-widget-container\">\n\t\t\t\t\t\t\t\t\t<p class=\"\" data-start=\"215\" data-end=\"323\">Explore new opportunities in the fashion and decoration sectors.<\/p>\t\t\t\t\t\t\t\t<\/div>\n\t\t\t\t<\/div>\n\t\t\t\t<div class=\"elementor-element elementor-element-2b5197f elementor-widget elementor-widget-heading\" data-id=\"2b5197f\" data-element_type=\"widget\" data-widget_type=\"heading.default\">\n\t\t\t\t<div class=\"elementor-widget-container\">\n\t\t\t\t\t<h6 class=\"elementor-heading-title elementor-size-default\">Eco-responsible crafts\n<\/h6>\t\t\t\t<\/div>\n\t\t\t\t<\/div>\n\t\t\t\t<div class=\"elementor-element elementor-element-bdc8e2d elementor-widget elementor-widget-text-editor\" data-id=\"bdc8e2d\" data-element_type=\"widget\" data-widget_type=\"text-editor.default\">\n\t\t\t\t<div class=\"elementor-widget-container\">\n\t\t\t\t\t\t\t\t\t<p class=\"\" data-start=\"325\" data-end=\"444\">Adopting environmentally-friendly practices to produce unique pieces.<\/p>\t\t\t\t\t\t\t\t<\/div>\n\t\t\t\t<\/div>\n\t\t\t\t<\/div>\n\t\t<div class=\"elementor-element elementor-element-2bca7bb e-con-full e-flex e-con e-child\" data-id=\"2bca7bb\" data-element_type=\"container\">\n\t\t\t\t<div class=\"elementor-element elementor-element-8d88ffd elementor-widget elementor-widget-image\" data-id=\"8d88ffd\" data-element_type=\"widget\" data-widget_type=\"image.default\">\n\t\t\t\t<div class=\"elementor-widget-container\">\n\t\t\t\t\t\t\t\t\t\t\t\t\t\t\t<img decoding=\"async\" width=\"1024\" height=\"768\" src=\"https:\/\/www.biancacoutureburkina.org\/wp-content\/uploads\/2025\/04\/image-11.jpg\" class=\"attachment-full size-full wp-image-937\" alt=\"\" srcset=\"https:\/\/www.biancacoutureburkina.org\/wp-content\/uploads\/2025\/04\/image-11.jpg 1024w, https:\/\/www.biancacoutureburkina.org\/wp-content\/uploads\/2025\/04\/image-11-300x225.jpg 300w, https:\/\/www.biancacoutureburkina.org\/wp-content\/uploads\/2025\/04\/image-11-768x576.jpg 768w\" sizes=\"(max-width: 1024px) 100vw, 1024px\" \/>\t\t\t\t\t\t\t\t\t\t\t\t\t\t\t<\/div>\n\t\t\t\t<\/div>\n\t\t\t\t<\/div>\n\t\t\t\t\t<\/div>\n\t\t\t\t<\/div>\n\t\t<div class=\"elementor-element elementor-element-123ba85 e-flex e-con-boxed e-con e-parent\" data-id=\"123ba85\" data-element_type=\"container\">\n\t\t\t\t\t<div class=\"e-con-inner\">\n\t\t<div class=\"elementor-element elementor-element-b2ec4a2 e-con-full e-flex e-con e-child\" data-id=\"b2ec4a2\" data-element_type=\"container\">\n\t\t\t\t<div class=\"elementor-element elementor-element-2bfd8f1 elementor-widget elementor-widget-image\" data-id=\"2bfd8f1\" data-element_type=\"widget\" data-widget_type=\"image.default\">\n\t\t\t\t<div class=\"elementor-widget-container\">\n\t\t\t\t\t\t\t\t\t\t\t\t\t\t\t<img loading=\"lazy\" decoding=\"async\" width=\"1024\" height=\"768\" src=\"https:\/\/www.biancacoutureburkina.org\/wp-content\/uploads\/2025\/04\/image-13.jpg\" class=\"attachment-full size-full wp-image-938\" alt=\"\" srcset=\"https:\/\/www.biancacoutureburkina.org\/wp-content\/uploads\/2025\/04\/image-13.jpg 1024w, https:\/\/www.biancacoutureburkina.org\/wp-content\/uploads\/2025\/04\/image-13-300x225.jpg 300w, https:\/\/www.biancacoutureburkina.org\/wp-content\/uploads\/2025\/04\/image-13-768x576.jpg 768w\" sizes=\"(max-width: 1024px) 100vw, 1024px\" \/>\t\t\t\t\t\t\t\t\t\t\t\t\t\t\t<\/div>\n\t\t\t\t<\/div>\n\t\t\t\t<\/div>\n\t\t<div class=\"elementor-element elementor-element-38e0dd4 e-con-full e-flex e-con e-child\" data-id=\"38e0dd4\" data-element_type=\"container\">\n\t\t\t\t<div class=\"elementor-element elementor-element-651adce elementor-widget elementor-widget-heading\" data-id=\"651adce\" data-element_type=\"widget\" data-widget_type=\"heading.default\">\n\t\t\t\t<div class=\"elementor-widget-container\">\n\t\t\t\t\t<h2 class=\"elementor-heading-title elementor-size-default\">Soapery<\/h2>\t\t\t\t<\/div>\n\t\t\t\t<\/div>\n\t\t\t\t<div class=\"elementor-element elementor-element-c0e1a60 elementor-widget-divider--view-line elementor-widget elementor-widget-divider\" data-id=\"c0e1a60\" data-element_type=\"widget\" data-widget_type=\"divider.default\">\n\t\t\t\t<div class=\"elementor-widget-container\">\n\t\t\t\t\t\t\t<div class=\"elementor-divider\">\n\t\t\t<span class=\"elementor-divider-separator\">\n\t\t\t\t\t\t<\/span>\n\t\t<\/div>\n\t\t\t\t\t\t<\/div>\n\t\t\t\t<\/div>\n\t\t\t\t<div class=\"elementor-element elementor-element-61e6960 elementor-widget elementor-widget-heading\" data-id=\"61e6960\" data-element_type=\"widget\" data-widget_type=\"heading.default\">\n\t\t\t\t<div class=\"elementor-widget-container\">\n\t\t\t\t\t<h6 class=\"elementor-heading-title elementor-size-default\">Dyeing techniques<\/h6>\t\t\t\t<\/div>\n\t\t\t\t<\/div>\n\t\t\t\t<div class=\"elementor-element elementor-element-cd004ed elementor-widget elementor-widget-text-editor\" data-id=\"cd004ed\" data-element_type=\"widget\" data-widget_type=\"text-editor.default\">\n\t\t\t\t<div class=\"elementor-widget-container\">\n\t\t\t\t\t\t\t\t\t<p class=\"\" data-start=\"110\" data-end=\"213\">Learn the basics of textile colouring for original creations.<\/p>\t\t\t\t\t\t\t\t<\/div>\n\t\t\t\t<\/div>\n\t\t\t\t<div class=\"elementor-element elementor-element-b0e53a3 elementor-widget elementor-widget-heading\" data-id=\"b0e53a3\" data-element_type=\"widget\" data-widget_type=\"heading.default\">\n\t\t\t\t<div class=\"elementor-widget-container\">\n\t\t\t\t\t<h6 class=\"elementor-heading-title elementor-size-default\">Fashion &amp; Decoration<\/h6>\t\t\t\t<\/div>\n\t\t\t\t<\/div>\n\t\t\t\t<div class=\"elementor-element elementor-element-614ef83 elementor-widget elementor-widget-text-editor\" data-id=\"614ef83\" data-element_type=\"widget\" data-widget_type=\"text-editor.default\">\n\t\t\t\t<div class=\"elementor-widget-container\">\n\t\t\t\t\t\t\t\t\t<p class=\"\" data-start=\"215\" data-end=\"323\">Explore new opportunities in the fashion and decoration sectors.<\/p>\t\t\t\t\t\t\t\t<\/div>\n\t\t\t\t<\/div>\n\t\t\t\t<div class=\"elementor-element elementor-element-fabc005 elementor-widget elementor-widget-heading\" data-id=\"fabc005\" data-element_type=\"widget\" data-widget_type=\"heading.default\">\n\t\t\t\t<div class=\"elementor-widget-container\">\n\t\t\t\t\t<h6 class=\"elementor-heading-title elementor-size-default\">Eco-responsible crafts<\/h6>\t\t\t\t<\/div>\n\t\t\t\t<\/div>\n\t\t\t\t<div class=\"elementor-element elementor-element-15f7c71 elementor-widget elementor-widget-text-editor\" data-id=\"15f7c71\" data-element_type=\"widget\" data-widget_type=\"text-editor.default\">\n\t\t\t\t<div class=\"elementor-widget-container\">\n\t\t\t\t\t\t\t\t\t<p class=\"\" data-start=\"325\" data-end=\"444\">Adopting environmentally-friendly practices to produce unique pieces.<\/p>\t\t\t\t\t\t\t\t<\/div>\n\t\t\t\t<\/div>\n\t\t\t\t<\/div>\n\t\t\t\t\t<\/div>\n\t\t\t\t<\/div>\n\t\t\t\t<\/div>","protected":false},"excerpt":{"rendered":"<p>SERVICES Coupe Couture Apprentissage Technique Ma\u00eetriser les bases de la coupe et de la couture pour cr\u00e9er des v\u00eatements de qualit\u00e9. Autonomie &#038; Cr\u00e9ativit\u00e9 Renforcer l\u2019ind\u00e9pendance et stimuler la cr\u00e9ativit\u00e9 \u00e0 travers une formation pratique. Insertion Professionnelle Acqu\u00e9rir les comp\u00e9tences n\u00e9cessaires pour lancer une activit\u00e9 et am\u00e9liorer sa vie. Tissage Techniques de Tissage Apprentissage des [&hellip;]<\/p>","protected":false},"author":1,"featured_media":0,"parent":0,"menu_order":0,"comment_status":"closed","ping_status":"closed","template":"","meta":{"site-sidebar-layout":"no-sidebar","site-content-layout":"","ast-site-content-layout":"full-width-container","site-content-style":"default","site-sidebar-style":"default","ast-global-header-display":"","ast-banner-title-visibility":"","ast-main-header-display":"","ast-hfb-above-header-display":"","ast-hfb-below-header-display":"","ast-hfb-mobile-header-display":"","site-post-title":"disabled","ast-breadcrumbs-content":"","ast-featured-img":"disabled","footer-sml-layout":"","theme-transparent-header-meta":"","adv-header-id-meta":"","stick-header-meta":"","header-above-stick-meta":"","header-main-stick-meta":"","header-below-stick-meta":"","astra-migrate-meta-layouts":"default","ast-page-background-enabled":"default","ast-page-background-meta":{"desktop":{"background-color":"var(--ast-global-color-4)","background-image":"","background-repeat":"repeat","background-position":"center center","background-size":"auto","background-attachment":"scroll","background-type":"","background-media":"","overlay-type":"","overlay-color":"","overlay-opacity":"","overlay-gradient":""},"tablet":{"background-color":"","background-image":"","background-repeat":"repeat","background-position":"center center","background-size":"auto","background-attachment":"scroll","background-type":"","background-media":"","overlay-type":"","overlay-color":"","overlay-opacity":"","overlay-gradient":""},"mobile":{"background-color":"","background-image":"","background-repeat":"repeat","background-position":"center center","background-size":"auto","background-attachment":"scroll","background-type":"","background-media":"","overlay-type":"","overlay-color":"","overlay-opacity":"","overlay-gradient":""}},"ast-content-background-meta":{"desktop":{"background-color":"var(--ast-global-color-5)","background-image":"","background-repeat":"repeat","background-position":"center center","background-size":"auto","background-attachment":"scroll","background-type":"","background-media":"","overlay-type":"","overlay-color":"","overlay-opacity":"","overlay-gradient":""},"tablet":{"background-color":"var(--ast-global-color-5)","background-image":"","background-repeat":"repeat","background-position":"center center","background-size":"auto","background-attachment":"scroll","background-type":"","background-media":"","overlay-type":"","overlay-color":"","overlay-opacity":"","overlay-gradient":""},"mobile":{"background-color":"var(--ast-global-color-5)","background-image":"","background-repeat":"repeat","background-position":"center center","background-size":"auto","background-attachment":"scroll","background-type":"","background-media":"","overlay-type":"","overlay-color":"","overlay-opacity":"","overlay-gradient":""}},"footnotes":""},"class_list":["post-45","page","type-page","status-publish","hentry"],"_links":{"self":[{"href":"https:\/\/www.biancacoutureburkina.org\/en\/wp-json\/wp\/v2\/pages\/45","targetHints":{"allow":["GET"]}}],"collection":[{"href":"https:\/\/www.biancacoutureburkina.org\/en\/wp-json\/wp\/v2\/pages"}],"about":[{"href":"https:\/\/www.biancacoutureburkina.org\/en\/wp-json\/wp\/v2\/types\/page"}],"author":[{"embeddable":true,"href":"https:\/\/www.biancacoutureburkina.org\/en\/wp-json\/wp\/v2\/users\/1"}],"replies":[{"embeddable":true,"href":"https:\/\/www.biancacoutureburkina.org\/en\/wp-json\/wp\/v2\/comments?post=45"}],"version-history":[{"count":12,"href":"https:\/\/www.biancacoutureburkina.org\/en\/wp-json\/wp\/v2\/pages\/45\/revisions"}],"predecessor-version":[{"id":3375,"href":"https:\/\/www.biancacoutureburkina.org\/en\/wp-json\/wp\/v2\/pages\/45\/revisions\/3375"}],"wp:attachment":[{"href":"https:\/\/www.biancacoutureburkina.org\/en\/wp-json\/wp\/v2\/media?parent=45"}],"curies":[{"name":"wp","href":"https:\/\/api.w.org\/{rel}","templated":true}]}}